{"id":3662,"date":"2025-05-23T15:25:23","date_gmt":"2025-05-23T15:25:23","guid":{"rendered":"https:\/\/bringback-secondhand.ch\/?page_id=3662"},"modified":"2025-06-04T17:04:45","modified_gmt":"2025-06-04T17:04:45","slug":"unsere-leistungen","status":"publish","type":"page","link":"https:\/\/bringback-secondhand.ch\/?page_id=3662","title":{"rendered":"Unsere Leistungen"},"content":{"rendered":"\t\t<div data-elementor-type=\"wp-page\" data-elementor-id=\"3662\" class=\"elementor elementor-3662\">\n\t\t\t\t<div class=\"elementor-element elementor-element-2ccca22 e-con-full e-flex e-con e-parent\" data-id=\"2ccca22\" data-element_type=\"container\" data-settings=\"{&quot;background_background&quot;:&quot;classic&quot;}\">\n\t\t\t\t<div class=\"elementor-element elementor-element-4e7b206 elementor-widget elementor-widget-heading\" data-id=\"4e7b206\" data-element_type=\"widget\" data-widget_type=\"heading.default\">\n\t\t\t\t<div class=\"elementor-widget-container\">\n\t\t\t\t\t<h2 class=\"elementor-heading-title elementor-size-default\">Unsere Leistungen<\/h2>\t\t\t\t<\/div>\n\t\t\t\t<\/div>\n\t\t\t\t<\/div>\n\t\t<div class=\"elementor-element elementor-element-eacd4e7 e-grid e-con-boxed e-con e-parent\" data-id=\"eacd4e7\" data-element_type=\"container\">\n\t\t\t\t\t<div class=\"e-con-inner\">\n\t\t\t\t<div class=\"elementor-element elementor-element-3af9254 elementor-position-left elementor-tablet-position-left elementor-vertical-align-top elementor-view-default elementor-mobile-position-top elementor-vertical-align-top elementor-widget elementor-widget-icon-box\" data-id=\"3af9254\" data-element_type=\"widget\" data-widget_type=\"icon-box.default\">\n\t\t\t\t<div class=\"elementor-widget-container\">\n\t\t\t\t\t\t\t<div class=\"elementor-icon-box-wrapper\">\n\n\t\t\t\t\t\t<div class=\"elementor-icon-box-icon\">\n\t\t\t\t<span  class=\"elementor-icon\">\n\t\t\t\t<svg xmlns=\"http:\/\/www.w3.org\/2000\/svg\" viewBox=\"0 0 50 50\" xml:space=\"preserve\">  <path d=\"M35.02 36.75c.17 0 .35-.02.52-.07 1.14-.28 1.84-1.44 1.55-2.58l-3.68-14.88 3.63-10.69c.01-.03.02-.05.03-.08.33-1.13-.31-2.31-1.44-2.65l-5.25-1.56-1.65-3.11C28.36.44 27.64 0 26.85 0h-3.86c-.82 0-1.57.48-1.93 1.22l-1.4 2.95-5.19 1.3c-.05.01-.1.03-.15.04-1.12.37-1.72 1.57-1.35 2.69l3.63 11.02-3.68 14.88c-.04.17-.06.34-.06.52 0 1.18.96 2.13 2.13 2.13h8.64v5.05l-8.42 5.57c-.65.43-.83 1.31-.4 1.97.43.65 1.31.83 1.97.4l6.85-4.53v2.97c0 .78.64 1.42 1.42 1.42.78 0 1.42-.64 1.42-1.42v-3.03l7.32 4.63c.66.42 1.54.22 1.96-.44.42-.66.22-1.54-.44-1.96l-8.84-5.59v-5.03h8.55zM15.89 8.04l4.77-1.19c.62-.15 1.14-.58 1.41-1.15l1.35-2.85h2.99l1.59 3c.27.51.73.88 1.28 1.05l4.83 1.43-3.15 9.3H19.05l-3.16-9.59zm3.32 12.41H30.8l3.32 13.46H15.88l3.33-13.46z\" fill=\"#fff\"><\/path><\/svg>\t\t\t\t<\/span>\n\t\t\t<\/div>\n\t\t\t\n\t\t\t\t\t\t<div class=\"elementor-icon-box-content\">\n\n\t\t\t\t\t\t\t\t\t<h3 class=\"elementor-icon-box-title\">\n\t\t\t\t\t\t<span  >\n\t\t\t\t\t\t\tStil- & Make-up Beratung\t\t\t\t\t\t<\/span>\n\t\t\t\t\t<\/h3>\n\t\t\t\t\n\t\t\t\t\t\t\t\t\t<p class=\"elementor-icon-box-description\">\n\t\t\t\t\t\tF\u00fcr den Look, der wirklich zu dir geh\u00f6rt.\u2028Ob allein, mit Freundinnen oder im Team \u2013 in entspannter Atmosph\u00e4re entdecken wir gemeinsam, welche Farben, Schnitte und Make-up deinen Stil unterstreichen. Mit professionellen Tipps und einem feinen Ap\u00e9ro entsteht ein Look, der so individuell ist wie du selbst: stilvoll, pers\u00f6nlich, inspirierend.\t\t\t\t\t<\/p>\n\t\t\t\t\n\t\t\t<\/div>\n\t\t\t\n\t\t<\/div>\n\t\t\t\t\t\t<\/div>\n\t\t\t\t<\/div>\n\t\t\t\t<div class=\"elementor-element elementor-element-d606540 elementor-position-left elementor-tablet-position-left elementor-vertical-align-top elementor-view-default elementor-mobile-position-top elementor-vertical-align-top elementor-widget elementor-widget-icon-box\" data-id=\"d606540\" data-element_type=\"widget\" data-widget_type=\"icon-box.default\">\n\t\t\t\t<div class=\"elementor-widget-container\">\n\t\t\t\t\t\t\t<div class=\"elementor-icon-box-wrapper\">\n\n\t\t\t\t\t\t<div class=\"elementor-icon-box-icon\">\n\t\t\t\t<span  class=\"elementor-icon\">\n\t\t\t\t<svg xmlns=\"http:\/\/www.w3.org\/2000\/svg\" viewBox=\"0 0 50 50\" xml:space=\"preserve\">  <path d=\"m48.49 10.95-11.21-4.6c-.29-.12-.61-.18-.93-.18h-9.71c-.31 0-.62.06-.91.18L14.6 10.87c-.69.27-1.19.86-1.4 1.56-.02 0-.05 0-.07.01-.16.03-.32.07-.47.13L1.52 17.09c-1.13.47-1.75 1.7-1.44 2.88l1.56 5.84c.36 1.3 1.7 2.07 3.01 1.72.09-.02.17-.05.26-.09l2.95-1.18v15.13c0 1.34 1.09 2.43 2.43 2.43h16.54c1.34-.01 2.42-1.09 2.43-2.43V37.6H39.9c1.34 0 2.43-1.09 2.43-2.43V20.1l2.81 1.08c.64.24 1.36.21 1.97-.09.62-.31 1.07-.87 1.25-1.53l1.56-5.7c.32-1.19-.29-2.43-1.43-2.91zM35.02 8.59c-.47 1.12-1.48 2.54-3.52 2.54s-3.05-1.42-3.52-2.54h7.04zm-13.09 6.24s0 .01-.01.01c-.52 1.5-1.92 2.51-3.5 2.52-.65.01-1.28-.16-1.84-.49-.76-.48-1.34-1.2-1.67-2.03 0 0 0-.01-.01-.01h7.03zM26.8 41.4H10.26V26.28c0-1.34-1.08-2.43-2.42-2.43h-.02c-.31 0-.62.06-.91.17L3.98 25.2l-1.56-5.84 10.04-4.08c.41 1.15 1.08 2.2 1.99 3.05 2.39 2.04 5.93 1.93 8.19-.24.77-.8 1.36-1.75 1.73-2.8l10.11 4.15-1.56 5.7-2.81-1.08c-1.26-.48-2.67.15-3.15 1.41-.11.28-.16.57-.16.87V41.4zM46 18.9l-2.81-1.08c-1.26-.48-2.67.15-3.15 1.41-.11.28-.16.57-.16.87v15.08H29.25v-8.85l2.81 1.08c.64.24 1.36.21 1.97-.09.62-.31 1.07-.87 1.25-1.53l1.56-5.7c.31-1.19-.3-2.43-1.44-2.9l-11.21-4.6c-.29-.12-.61-.18-.93-.18h-6l8.26-3.36c.73 2.05 2.5 4.52 5.96 4.52s5.23-2.47 5.96-4.52l10.1 4.15L46 18.9z\" fill=\"#fff\"><\/path><\/svg>\t\t\t\t<\/span>\n\t\t\t<\/div>\n\t\t\t\n\t\t\t\t\t\t<div class=\"elementor-icon-box-content\">\n\n\t\t\t\t\t\t\t\t\t<h3 class=\"elementor-icon-box-title\">\n\t\t\t\t\t\t<span  >\n\t\t\t\t\t\t\tGruppenevents\t\t\t\t\t\t<\/span>\n\t\t\t\t\t<\/h3>\n\t\t\t\t\n\t\t\t\t\t\t\t\t\t<p class=\"elementor-icon-box-description\">\n\t\t\t\t\t\tStil als gemeinsames Erlebnis.\u2028Ob Geburtstag, Team-Ausflug oder einfach ein besonderer Moment unter Freundinnen \u2013 unsere privaten Gruppenevents verbinden Stilberatung, Entdeckungslust und echtes Miteinander. Bei Prosecco und guter Musik entsteht ein Raum f\u00fcr Austausch, Inspiration und Looks, die bleiben.\t\t\t\t\t<\/p>\n\t\t\t\t\n\t\t\t<\/div>\n\t\t\t\n\t\t<\/div>\n\t\t\t\t\t\t<\/div>\n\t\t\t\t<\/div>\n\t\t\t\t<div class=\"elementor-element elementor-element-ab187a8 elementor-position-left elementor-tablet-position-left elementor-vertical-align-top elementor-view-default elementor-mobile-position-top elementor-vertical-align-top elementor-widget elementor-widget-icon-box\" data-id=\"ab187a8\" data-element_type=\"widget\" data-widget_type=\"icon-box.default\">\n\t\t\t\t<div class=\"elementor-widget-container\">\n\t\t\t\t\t\t\t<div class=\"elementor-icon-box-wrapper\">\n\n\t\t\t\t\t\t<div class=\"elementor-icon-box-icon\">\n\t\t\t\t<span  class=\"elementor-icon\">\n\t\t\t\t<svg xmlns=\"http:\/\/www.w3.org\/2000\/svg\" viewBox=\"0 0 50 50\" xml:space=\"preserve\">  <path d=\"m39.27 8.37-12.43-5.1c-.32-.13-.67-.2-1.02-.2H15.04c-.35 0-.69.07-1.02.2L1.68 8.28c-1.26.51-1.94 1.88-1.59 3.2l1.73 6.47c.03.11.06.21.11.32.56 1.38 2.13 2.05 3.51 1.49l3.26-1.31v16.77c0 1.49 1.21 2.7 2.7 2.7h18.34c1.49 0 2.69-1.21 2.7-2.69V18.52l3.11 1.2c.08.03.17.06.25.08 1.44.39 2.92-.45 3.32-1.89l1.73-6.32c.35-1.32-.32-2.7-1.58-3.22zm-14.96-2.6c-.53 1.24-1.64 2.79-3.89 2.79s-3.36-1.55-3.89-2.79h7.78zm12.21 11.42-3.11-1.2c-.31-.12-.64-.18-.97-.18-1.49 0-2.7 1.21-2.7 2.7v16.71H11.4V18.45c0-1.49-1.21-2.7-2.7-2.7-.34 0-.69.07-1.01.19l-3.26 1.31-1.73-6.47 11.13-4.52c.81 2.27 2.78 5 6.6 5s5.79-2.73 6.6-5l11.22 4.6-1.73 6.33zm13.07 15.78c.54.52.55 1.37.03 1.91l-1.79 1.85c-.38.39-.89.61-1.43.61h-.02c-.53 0-1.05-.21-1.43-.59l-1.9-1.88c-.53-.52-.54-1.38-.01-1.91.52-.53 1.38-.53 1.91-.01l.09.09V8.1l-.08.08c-.53.52-1.39.52-1.91-.01s-.52-1.38.01-1.91l1.51-1.49c.41-.41.92-.72 1.47-.9.12-.05.24-.07.37-.07.54 0 1.06.23 1.43.62l1.79 1.85c.52.54.51 1.39-.03 1.91-.52.5-1.33.49-1.85.01v24.78c.51-.49 1.32-.5 1.84 0zm-11.32 8.78c.4.39.62.92.62 1.48-.02.54-.24 1.06-.63 1.44l-1.84 1.86c-.53.53-1.38.53-1.91.01s-.54-1.38-.01-1.91l.15-.15H6.23l.15.15c.52.53.52 1.38-.01 1.91-.53.52-1.38.52-1.91-.01l-1.84-1.85c-.39-.38-.61-.9-.63-1.44-.01-.56.21-1.1.61-1.48l1.85-1.79c.54-.52 1.39-.51 1.91.03.48.5.48 1.26.05 1.79h28.03c-.43-.52-.43-1.29.05-1.79.52-.53 1.37-.55 1.91-.03l1.87 1.78z\" fill=\"#fff\"><\/path><\/svg>\t\t\t\t<\/span>\n\t\t\t<\/div>\n\t\t\t\n\t\t\t\t\t\t<div class=\"elementor-icon-box-content\">\n\n\t\t\t\t\t\t\t\t\t<h3 class=\"elementor-icon-box-title\">\n\t\t\t\t\t\t<span  >\n\t\t\t\t\t\t\tExklusives Shopping-Erlebnis\/Geschenk\t\t\t\t\t\t<\/span>\n\t\t\t\t\t<\/h3>\n\t\t\t\t\n\t\t\t\t\t\t\t\t\t<p class=\"elementor-icon-box-description\">\n\t\t\t\t\t\tEin Store. Nur f\u00fcr dich.\u2028Auf der Suche nach etwas Besonderem? Nach Ladenschluss \u00f6ffnen wir unsere T\u00fcren nur f\u00fcr dich \u2013 oder als Geschenk f\u00fcr jemanden, der dir am Herzen liegt. In ruhiger Atmosph\u00e4re, bei einem Glas Prosecco, st\u00f6berst du durch unsere kuratierte Auswahl und erh\u00e4ltst pers\u00f6nliche Beratung.\u2028Exklusiv. Individuell. Unvergesslich.\t\t\t\t\t<\/p>\n\t\t\t\t\n\t\t\t<\/div>\n\t\t\t\n\t\t<\/div>\n\t\t\t\t\t\t<\/div>\n\t\t\t\t<\/div>\n\t\t\t\t<div class=\"elementor-element elementor-element-58fbfc4 elementor-position-left elementor-tablet-position-left elementor-vertical-align-top elementor-view-default elementor-mobile-position-top elementor-vertical-align-top elementor-widget elementor-widget-icon-box\" data-id=\"58fbfc4\" data-element_type=\"widget\" data-widget_type=\"icon-box.default\">\n\t\t\t\t<div class=\"elementor-widget-container\">\n\t\t\t\t\t\t\t<div class=\"elementor-icon-box-wrapper\">\n\n\t\t\t\t\t\t<div class=\"elementor-icon-box-icon\">\n\t\t\t\t<span  class=\"elementor-icon\">\n\t\t\t\t<svg xmlns=\"http:\/\/www.w3.org\/2000\/svg\" viewBox=\"0 0 50 50\" xml:space=\"preserve\">  <path d=\"M13.74 49.99c-1.06 0-1.92-.86-1.92-1.92v-17.6H6.86c-1.68 0-3.04-1.36-3.04-3.04 0-1.04.53-2.02 1.42-2.57l18.81-11.88.06-.03v-.75l-.03-3.07c0-.43.25-.83.66-1h.02c.13-.05.26-.08.4-.08 1.63-.01 2.94-1.33 2.95-2.96 0-1.63-1.33-2.96-2.96-2.96s-2.96 1.33-2.96 2.96c0 .15.01.31.04.46.09.58-.3 1.13-.89 1.22-.58.09-1.13-.3-1.22-.89-.04-.26-.06-.53-.06-.8 0-2.81 2.28-5.09 5.1-5.1 2.81 0 5.09 2.28 5.1 5.1 0 1.35-.53 2.64-1.49 3.6-.69.7-1.57 1.18-2.52 1.38l.02 2.13v.76l.06.04L44.9 25.12c.82.54 1.32 1.45 1.32 2.43 0 1.61-1.3 2.91-2.91 2.91h-4.74v17.59c0 1.06-.86 1.92-1.92 1.92l-22.91.02zm22.65-2.14V26.46H32.4l.07.09c2.14 3.13 1.03 7.83-.29 11.22-.31.81-1.08 1.34-1.95 1.33-.28 0-.55-.05-.8-.16l-3.22-1.34v10.25h10.18zm-22.43 0h10.11V37.64l-3.11 1.31c-.26.11-.53.16-.81.16-.85 0-1.62-.52-1.94-1.31-.66-1.6-1.13-3.28-1.4-5-.36-2.57-.01-4.65 1.04-6.22.03-.04.06-.09.09-.13h-3.98v21.4zm5.66-20.06c-.59.88-1.72 3.52.55 9.17l4.3-1.81-4.8-7.44c-.02.03-.03.05-.05.08zm10.58 9.17c.58-1.44.99-2.94 1.22-4.48.31-1.52.11-3.1-.57-4.49l-4.98 7.16 4.33 1.81zm-4.99-4.61 4.07-5.85c-1.28-.61-2.69-.9-4.11-.83-1.31-.05-2.61.19-3.82.69l3.86 5.99zm18.06-4.02c.43 0 .77-.34.77-.77 0-.26-.13-.5-.35-.64L25.15 14.81 6.38 26.67c-.26.16-.42.45-.42.76 0 .5.4.9.9.9h4.96v-2.09c0-1.06.86-1.92 1.92-1.92h5.17c2.05-.7 4.2-1.08 6.37-1.15 2.15.06 4.27.45 6.3 1.15h5.02c1.06 0 1.92.86 1.92 1.92v2.09h4.75zM29.31 43.15c0-.9.73-1.63 1.63-1.63.9 0 1.63.73 1.63 1.63 0 .9-.73 1.63-1.63 1.63-.9 0-1.63-.73-1.63-1.63z\" fill=\"#fff\"><\/path><\/svg>\t\t\t\t<\/span>\n\t\t\t<\/div>\n\t\t\t\n\t\t\t\t\t\t<div class=\"elementor-icon-box-content\">\n\n\t\t\t\t\t\t\t\t\t<h3 class=\"elementor-icon-box-title\">\n\t\t\t\t\t\t<span  >\n\t\t\t\t\t\t\tKleiderschrank Upgrade \t\t\t\t\t\t<\/span>\n\t\t\t\t\t<\/h3>\n\t\t\t\t\n\t\t\t\t\t\t\t\t\t<p class=\"elementor-icon-box-description\">\n\t\t\t\t\t\tWeniger Ballast. Mehr du.\u2028Dein Kleiderschrank platzt \u2013 aber nichts f\u00fchlt sich wirklich nach dir an? Gemeinsam bringen wir Ordnung, Klarheit und Stil hinein. Wir analysieren deine Garderobe, definieren deinen Stil und helfen dir, gezielt jene Teile auszuw\u00e4hlen, die bleiben \u2013 oder in ein neues Zuhause d\u00fcrfen.\u2028F\u00fcr mehr Raum. F\u00fcr mehr Stil. F\u00fcr dich.\t\t\t\t\t<\/p>\n\t\t\t\t\n\t\t\t<\/div>\n\t\t\t\n\t\t<\/div>\n\t\t\t\t\t\t<\/div>\n\t\t\t\t<\/div>\n\t\t\t\t\t<\/div>\n\t\t\t\t<\/div>\n\t\t\t\t<\/div>\n\t\t","protected":false},"excerpt":{"rendered":"<p>Unsere Leistungen Stil- &#038; Make-up Beratung F\u00fcr den Look, der wirklich zu dir geh\u00f6rt.\u2028Ob allein, mit Freundinnen oder im Team \u2013 in entspannter Atmosph\u00e4re entdecken wir gemeinsam, welche Farben, Schnitte und Make-up deinen Stil unterstreichen. Mit professionellen Tipps und einem feinen Ap\u00e9ro entsteht ein Look, der so individuell ist wie du selbst: stilvoll, pers\u00f6nlich, inspirierend. [&hellip;]<\/p>\n","protected":false},"author":1,"featured_media":0,"parent":0,"menu_order":0,"comment_status":"closed","ping_status":"closed","template":"","meta":{"_eb_attr":"","footnotes":""},"class_list":["post-3662","page","type-page","status-publish","hentry"],"blocksy_meta":{"has_hero_section":"disabled","styles_descriptor":{"styles":{"desktop":"","tablet":"","mobile":""},"google_fonts":[],"version":6},"vertical_spacing_source":"custom","content_area_spacing":"none","disable_footer":"no"},"_links":{"self":[{"href":"https:\/\/bringback-secondhand.ch\/index.php?rest_route=\/wp\/v2\/pages\/3662","targetHints":{"allow":["GET"]}}],"collection":[{"href":"https:\/\/bringback-secondhand.ch\/index.php?rest_route=\/wp\/v2\/pages"}],"about":[{"href":"https:\/\/bringback-secondhand.ch\/index.php?rest_route=\/wp\/v2\/types\/page"}],"author":[{"embeddable":true,"href":"https:\/\/bringback-secondhand.ch\/index.php?rest_route=\/wp\/v2\/users\/1"}],"replies":[{"embeddable":true,"href":"https:\/\/bringback-secondhand.ch\/index.php?rest_route=%2Fwp%2Fv2%2Fcomments&post=3662"}],"version-history":[{"count":40,"href":"https:\/\/bringback-secondhand.ch\/index.php?rest_route=\/wp\/v2\/pages\/3662\/revisions"}],"predecessor-version":[{"id":3837,"href":"https:\/\/bringback-secondhand.ch\/index.php?rest_route=\/wp\/v2\/pages\/3662\/revisions\/3837"}],"wp:attachment":[{"href":"https:\/\/bringback-secondhand.ch\/index.php?rest_route=%2Fwp%2Fv2%2Fmedia&parent=3662"}],"curies":[{"name":"wp","href":"https:\/\/api.w.org\/{rel}","templated":true}]}}