{"id":3690,"date":"2025-05-23T15:44:36","date_gmt":"2025-05-23T15:44:36","guid":{"rendered":"https:\/\/bringback-secondhand.ch\/?page_id=3690"},"modified":"2025-06-04T17:07:45","modified_gmt":"2025-06-04T17:07:45","slug":"ueber-uns","status":"publish","type":"page","link":"https:\/\/bringback-secondhand.ch\/?page_id=3690","title":{"rendered":"\u00dcber uns"},"content":{"rendered":"\t\t<div data-elementor-type=\"wp-page\" data-elementor-id=\"3690\" class=\"elementor elementor-3690\">\n\t\t\t\t<div class=\"elementor-element elementor-element-2ccca22 e-con-full e-flex e-con e-parent\" data-id=\"2ccca22\" data-element_type=\"container\" data-settings=\"{&quot;background_background&quot;:&quot;classic&quot;}\">\n\t\t\t\t<div class=\"elementor-element elementor-element-4e7b206 elementor-widget elementor-widget-heading\" data-id=\"4e7b206\" data-element_type=\"widget\" data-widget_type=\"heading.default\">\n\t\t\t\t<div class=\"elementor-widget-container\">\n\t\t\t\t\t<h2 class=\"elementor-heading-title elementor-size-default\">\u00dcber uns<\/h2>\t\t\t\t<\/div>\n\t\t\t\t<\/div>\n\t\t\t\t<\/div>\n\t\t<div class=\"elementor-element elementor-element-a5420d9 e-flex e-con-boxed e-con e-parent\" data-id=\"a5420d9\" data-element_type=\"container\" data-settings=\"{&quot;background_background&quot;:&quot;classic&quot;}\">\n\t\t\t\t\t<div class=\"e-con-inner\">\n\t\t<div class=\"elementor-element elementor-element-cd078a1 e-con-full e-flex e-con e-child\" data-id=\"cd078a1\" data-element_type=\"container\" data-settings=\"{&quot;background_background&quot;:&quot;classic&quot;}\">\n\t\t\t\t<div class=\"elementor-element elementor-element-7339bc3 elementor-widget__width-initial elementor-widget-tablet__width-inherit elementor-widget elementor-widget-image\" data-id=\"7339bc3\" data-element_type=\"widget\" data-widget_type=\"image.default\">\n\t\t\t\t<div class=\"elementor-widget-container\">\n\t\t\t\t\t\t\t\t\t\t\t\t\t\t\t<img fetchpriority=\"high\" decoding=\"async\" width=\"2000\" height=\"2000\" src=\"https:\/\/bringback-secondhand.ch\/wp-content\/uploads\/2025\/05\/BringBack_01.jpg\" class=\"attachment-full size-full wp-image-3449\" alt=\"\" srcset=\"https:\/\/bringback-secondhand.ch\/wp-content\/uploads\/2025\/05\/BringBack_01.jpg 2000w, https:\/\/bringback-secondhand.ch\/wp-content\/uploads\/2025\/05\/BringBack_01-300x300.jpg 300w, https:\/\/bringback-secondhand.ch\/wp-content\/uploads\/2025\/05\/BringBack_01-1024x1024.jpg 1024w, https:\/\/bringback-secondhand.ch\/wp-content\/uploads\/2025\/05\/BringBack_01-150x150.jpg 150w, https:\/\/bringback-secondhand.ch\/wp-content\/uploads\/2025\/05\/BringBack_01-768x768.jpg 768w, https:\/\/bringback-secondhand.ch\/wp-content\/uploads\/2025\/05\/BringBack_01-1536x1536.jpg 1536w\" sizes=\"(max-width: 2000px) 100vw, 2000px\" \/>\t\t\t\t\t\t\t\t\t\t\t\t\t\t\t<\/div>\n\t\t\t\t<\/div>\n\t\t<div class=\"elementor-element elementor-element-463d8df e-con-full e-flex e-con e-child\" data-id=\"463d8df\" data-element_type=\"container\">\n\t\t\t\t<div class=\"elementor-element elementor-element-56d364c elementor-widget elementor-widget-heading\" data-id=\"56d364c\" data-element_type=\"widget\" data-widget_type=\"heading.default\">\n\t\t\t\t<div class=\"elementor-widget-container\">\n\t\t\t\t\t<h2 class=\"elementor-heading-title elementor-size-default\">Zwei Schwestern. Eine Vision. <\/h2>\t\t\t\t<\/div>\n\t\t\t\t<\/div>\n\t\t<div class=\"elementor-element elementor-element-fb78b3d e-con-full e-flex e-con e-child\" data-id=\"fb78b3d\" data-element_type=\"container\">\n\t\t\t\t<div class=\"elementor-element elementor-element-96cf747 elementor-widget elementor-widget-text-editor\" data-id=\"96cf747\" data-element_type=\"widget\" data-widget_type=\"text-editor.default\">\n\t\t\t\t<div class=\"elementor-widget-container\">\n\t\t\t\t\t\t\t\t\t<p>Uns verbindet die Leidenschaft f\u00fcr Mode und Nachhaltigkeit. W\u00e4hrend die eine mit kreativem Blick das Besondere im Allt\u00e4glichen entdeckt, setzt die andere mit Tatkraft Ideen in die Realit\u00e4t um. Gepr\u00e4gt hat uns unsere Gro\u00dfmutter \u2013 eine Pionierin, die einst einen Secondhandladen f\u00fchrte. Ihr Gesch\u00e4ft war mehr als ein Ort f\u00fcr besondere St\u00fccke: Es war ein Raum f\u00fcr Begegnung, Gespr\u00e4che und Werte wie Achtsamkeit, Kreativit\u00e4t und Nachhaltigkeit. Mit <strong>bringback<\/strong> f\u00fchren wir diesen Geist weiter \u2013 und schaffen einen Ort f\u00fcr alle, die das Einzigartige lieben und bewusste Entscheidungen treffen.<\/p><p>\u00a0<\/p>\t\t\t\t\t\t\t\t<\/div>\n\t\t\t\t<\/div>\n\t\t\t\t<\/div>\n\t\t\t\t<\/div>\n\t\t\t\t<\/div>\n\t\t\t\t\t<\/div>\n\t\t\t\t<\/div>\n\t\t\t\t<\/div>\n\t\t","protected":false},"excerpt":{"rendered":"<p>\u00dcber uns Zwei Schwestern. Eine Vision. Uns verbindet die Leidenschaft f\u00fcr Mode und Nachhaltigkeit. W\u00e4hrend die eine mit kreativem Blick das Besondere im Allt\u00e4glichen entdeckt, setzt die andere mit Tatkraft Ideen in die Realit\u00e4t um. Gepr\u00e4gt hat uns unsere Gro\u00dfmutter \u2013 eine Pionierin, die einst einen Secondhandladen f\u00fchrte. Ihr Gesch\u00e4ft war mehr als ein Ort [&hellip;]<\/p>\n","protected":false},"author":1,"featured_media":0,"parent":0,"menu_order":0,"comment_status":"closed","ping_status":"closed","template":"","meta":{"_eb_attr":"","footnotes":""},"class_list":["post-3690","page","type-page","status-publish","hentry"],"blocksy_meta":{"has_hero_section":"disabled","styles_descriptor":{"styles":{"desktop":"","tablet":"","mobile":""},"google_fonts":[],"version":6},"vertical_spacing_source":"custom","content_area_spacing":"none","disable_footer":"no"},"_links":{"self":[{"href":"https:\/\/bringback-secondhand.ch\/index.php?rest_route=\/wp\/v2\/pages\/3690","targetHints":{"allow":["GET"]}}],"collection":[{"href":"https:\/\/bringback-secondhand.ch\/index.php?rest_route=\/wp\/v2\/pages"}],"about":[{"href":"https:\/\/bringback-secondhand.ch\/index.php?rest_route=\/wp\/v2\/types\/page"}],"author":[{"embeddable":true,"href":"https:\/\/bringback-secondhand.ch\/index.php?rest_route=\/wp\/v2\/users\/1"}],"replies":[{"embeddable":true,"href":"https:\/\/bringback-secondhand.ch\/index.php?rest_route=%2Fwp%2Fv2%2Fcomments&post=3690"}],"version-history":[{"count":25,"href":"https:\/\/bringback-secondhand.ch\/index.php?rest_route=\/wp\/v2\/pages\/3690\/revisions"}],"predecessor-version":[{"id":3849,"href":"https:\/\/bringback-secondhand.ch\/index.php?rest_route=\/wp\/v2\/pages\/3690\/revisions\/3849"}],"wp:attachment":[{"href":"https:\/\/bringback-secondhand.ch\/index.php?rest_route=%2Fwp%2Fv2%2Fmedia&parent=3690"}],"curies":[{"name":"wp","href":"https:\/\/api.w.org\/{rel}","templated":true}]}}