{"id":3729,"date":"2025-05-23T17:26:42","date_gmt":"2025-05-23T17:26:42","guid":{"rendered":"https:\/\/bringback-secondhand.ch\/?page_id=3729"},"modified":"2025-06-04T17:10:55","modified_gmt":"2025-06-04T17:10:55","slug":"annahme","status":"publish","type":"page","link":"https:\/\/bringback-secondhand.ch\/?page_id=3729","title":{"rendered":"Annahme"},"content":{"rendered":"\t\t<div data-elementor-type=\"wp-page\" data-elementor-id=\"3729\" class=\"elementor elementor-3729\">\n\t\t\t\t<div class=\"elementor-element elementor-element-2ccca22 e-con-full e-flex e-con e-parent\" data-id=\"2ccca22\" data-element_type=\"container\" data-settings=\"{&quot;background_background&quot;:&quot;classic&quot;}\">\n\t\t\t\t<div class=\"elementor-element elementor-element-4e7b206 elementor-widget elementor-widget-heading\" data-id=\"4e7b206\" data-element_type=\"widget\" data-widget_type=\"heading.default\">\n\t\t\t\t<div class=\"elementor-widget-container\">\n\t\t\t\t\t<h2 class=\"elementor-heading-title elementor-size-default\">Annahme<\/h2>\t\t\t\t<\/div>\n\t\t\t\t<\/div>\n\t\t\t\t<div class=\"elementor-element elementor-element-6423069 elementor-widget elementor-widget-text-editor\" data-id=\"6423069\" data-element_type=\"widget\" data-widget_type=\"text-editor.default\">\n\t\t\t\t<div class=\"elementor-widget-container\">\n\t\t\t\t\t\t\t\t\t<p>Werde Teil von BRINGBACK Secondhand<\/p>\t\t\t\t\t\t\t\t<\/div>\n\t\t\t\t<\/div>\n\t\t\t\t<\/div>\n\t\t<div class=\"elementor-element elementor-element-b9f3d74 e-flex e-con-boxed e-con e-parent\" data-id=\"b9f3d74\" data-element_type=\"container\" data-settings=\"{&quot;background_background&quot;:&quot;classic&quot;}\">\n\t\t\t\t\t<div class=\"e-con-inner\">\n\t\t<div class=\"elementor-element elementor-element-3b9154e e-con-full e-flex e-con e-child\" data-id=\"3b9154e\" data-element_type=\"container\">\n\t\t\t\t<div class=\"elementor-element elementor-element-ed4cb79 elementor-widget elementor-widget-heading\" data-id=\"ed4cb79\" data-element_type=\"widget\" data-widget_type=\"heading.default\">\n\t\t\t\t<div class=\"elementor-widget-container\">\n\t\t\t\t\t<h2 class=\"elementor-heading-title elementor-size-default\">Was wir annehmen<\/h2>\t\t\t\t<\/div>\n\t\t\t\t<\/div>\n\t\t\t\t<div class=\"elementor-element elementor-element-bf66969 elementor-widget elementor-widget-text-editor\" data-id=\"bf66969\" data-element_type=\"widget\" data-widget_type=\"text-editor.default\">\n\t\t\t\t<div class=\"elementor-widget-container\">\n\t\t\t\t\t\t\t\t\t<ul><li>Designermarken, Klassiker und Basics \u2013 auch ohne Label<\/li><li>Kleidung, Accessoires, Brillen, Taschen, Schmuck und Foulards<\/li><li>Alle Artikel m\u00fcssen einwandfrei und gewaschen sein<\/li><\/ul>\t\t\t\t\t\t\t\t<\/div>\n\t\t\t\t<\/div>\n\t\t\t\t<div class=\"elementor-element elementor-element-590b90a elementor-widget elementor-widget-heading\" data-id=\"590b90a\" data-element_type=\"widget\" data-widget_type=\"heading.default\">\n\t\t\t\t<div class=\"elementor-widget-container\">\n\t\t\t\t\t<h2 class=\"elementor-heading-title elementor-size-default\">Dein Vorteil<\/h2>\t\t\t\t<\/div>\n\t\t\t\t<\/div>\n\t\t\t\t<div class=\"elementor-element elementor-element-d8f9d04 elementor-widget elementor-widget-text-editor\" data-id=\"d8f9d04\" data-element_type=\"widget\" data-widget_type=\"text-editor.default\">\n\t\t\t\t<div class=\"elementor-widget-container\">\n\t\t\t\t\t\t\t\t\t<ul><li>Du erh\u00e4ltst 40 % des Verkaufserl\u00f6ses<\/li><li>Auszahlung erfolgt quartalsweise<\/li><li>Nicht verkaufte Artikel kannst du nach 10 Wochen abholen oder spenden lassen<\/li><\/ul>\t\t\t\t\t\t\t\t<\/div>\n\t\t\t\t<\/div>\n\t\t\t\t<div class=\"elementor-element elementor-element-79694e8 elementor-widget elementor-widget-heading\" data-id=\"79694e8\" data-element_type=\"widget\" data-widget_type=\"heading.default\">\n\t\t\t\t<div class=\"elementor-widget-container\">\n\t\t\t\t\t<h2 class=\"elementor-heading-title elementor-size-default\">Saisonzeiten<\/h2>\t\t\t\t<\/div>\n\t\t\t\t<\/div>\n\t\t\t\t<div class=\"elementor-element elementor-element-8e922f8 elementor-widget elementor-widget-text-editor\" data-id=\"8e922f8\" data-element_type=\"widget\" data-widget_type=\"text-editor.default\">\n\t\t\t\t<div class=\"elementor-widget-container\">\n\t\t\t\t\t\t\t\t\t<ul><li>Fr\u00fchling &amp; Sommer: Februar bis Mitte Juli<\/li><li>Herbst &amp; Winter: August bis Februar<\/li><\/ul>\t\t\t\t\t\t\t\t<\/div>\n\t\t\t\t<\/div>\n\t\t\t\t<div class=\"elementor-element elementor-element-60d2549 elementor-widget elementor-widget-heading\" data-id=\"60d2549\" data-element_type=\"widget\" data-widget_type=\"heading.default\">\n\t\t\t\t<div class=\"elementor-widget-container\">\n\t\t\t\t\t<h2 class=\"elementor-heading-title elementor-size-default\">Terminvereinbarung<\/h2>\t\t\t\t<\/div>\n\t\t\t\t<\/div>\n\t\t\t\t<div class=\"elementor-element elementor-element-b6be243 elementor-widget elementor-widget-text-editor\" data-id=\"b6be243\" data-element_type=\"widget\" data-widget_type=\"text-editor.default\">\n\t\t\t\t<div class=\"elementor-widget-container\">\n\t\t\t\t\t\t\t\t\t<ul><li>Warenannahme nur nach vorheriger Terminvereinbarung<\/li><li>Kontakt per <a href=\"tel:+41784440255\">Telefon<\/a> oder <a href=\"https:\/\/wa.me\/41774766654\">WhatsApp<\/a><\/li><\/ul>\t\t\t\t\t\t\t\t<\/div>\n\t\t\t\t<\/div>\n\t\t\t\t<\/div>\n\t\t\t\t\t<\/div>\n\t\t\t\t<\/div>\n\t\t\t\t<\/div>\n\t\t","protected":false},"excerpt":{"rendered":"<p>Annahme Werde Teil von BRINGBACK Secondhand Was wir annehmen Designermarken, Klassiker und Basics \u2013 auch ohne Label Kleidung, Accessoires, Brillen, Taschen, Schmuck und Foulards Alle Artikel m\u00fcssen einwandfrei und gewaschen sein Dein Vorteil Du erh\u00e4ltst 40 % des Verkaufserl\u00f6ses Auszahlung erfolgt quartalsweise Nicht verkaufte Artikel kannst du nach 10 Wochen abholen oder spenden lassen Saisonzeiten [&hellip;]<\/p>\n","protected":false},"author":1,"featured_media":0,"parent":0,"menu_order":0,"comment_status":"closed","ping_status":"closed","template":"","meta":{"_eb_attr":"","footnotes":""},"class_list":["post-3729","page","type-page","status-publish","hentry"],"blocksy_meta":{"has_hero_section":"disabled","styles_descriptor":{"styles":{"desktop":"","tablet":"","mobile":""},"google_fonts":[],"version":6},"vertical_spacing_source":"custom","content_area_spacing":"none","disable_footer":"no"},"_links":{"self":[{"href":"https:\/\/bringback-secondhand.ch\/index.php?rest_route=\/wp\/v2\/pages\/3729","targetHints":{"allow":["GET"]}}],"collection":[{"href":"https:\/\/bringback-secondhand.ch\/index.php?rest_route=\/wp\/v2\/pages"}],"about":[{"href":"https:\/\/bringback-secondhand.ch\/index.php?rest_route=\/wp\/v2\/types\/page"}],"author":[{"embeddable":true,"href":"https:\/\/bringback-secondhand.ch\/index.php?rest_route=\/wp\/v2\/users\/1"}],"replies":[{"embeddable":true,"href":"https:\/\/bringback-secondhand.ch\/index.php?rest_route=%2Fwp%2Fv2%2Fcomments&post=3729"}],"version-history":[{"count":25,"href":"https:\/\/bringback-secondhand.ch\/index.php?rest_route=\/wp\/v2\/pages\/3729\/revisions"}],"predecessor-version":[{"id":3858,"href":"https:\/\/bringback-secondhand.ch\/index.php?rest_route=\/wp\/v2\/pages\/3729\/revisions\/3858"}],"wp:attachment":[{"href":"https:\/\/bringback-secondhand.ch\/index.php?rest_route=%2Fwp%2Fv2%2Fmedia&parent=3729"}],"curies":[{"name":"wp","href":"https:\/\/api.w.org\/{rel}","templated":true}]}}